{"id":20096,"date":"2026-02-12T10:34:41","date_gmt":"2026-02-12T09:34:41","guid":{"rendered":"https:\/\/www.naterial.com\/do\/?product=sofa-de-exterior-aluminio-y-mimbre-luma-2"},"modified":"2026-03-18T09:29:15","modified_gmt":"2026-03-18T08:29:15","slug":"sofa-de-exterior-aluminio-y-mimbre-luma-2","status":"publish","type":"product","link":"https:\/\/www.naterial.com\/do\/producto\/sofa-de-exterior-aluminio-y-mimbre-luma-2\/","title":{"rendered":"Sof\u00e1 de exterior aluminio y mimbre Luma"},"content":{"rendered":"","protected":false},"excerpt":{"rendered":"<p>Sof\u00e1 de exterior Luma combina aluminio anticorrosivo, mimbre sint\u00e9tico con dise\u00f1o funcional y elegante. Ideal para terrazas y jardines, ofrece comodidad, estilo y resistencia. Renueva tu espacio exterior con estilo y m\u00e1xima calidad.<\/p>\n","protected":false},"featured_media":20943,"comment_status":"closed","ping_status":"closed","template":"","meta":{"_acf_changed":false,"footnotes":""},"collection":[128,131],"product_model":[102],"product_brand":[],"product_cat":[133],"product_tag":[],"class_list":{"0":"post-20096","1":"product","2":"type-product","3":"status-publish","4":"has-post-thumbnail","6":"collection-coleccion-profesional","7":"collection-luma","8":"product_model-102","9":"product_cat-sofas-de-exterior","11":"first","12":"instock","13":"taxable","14":"shipping-taxable","15":"purchasable","16":"product-type-simple"},"acf":{"wproduct_subtitle":"2 asientos, blanco","wproduct_instruction_manual_url":"https:\/\/media.adeo.com\/media\/3758834\/instructionsmanual","uy_product_type":"","image_content_block_1":20483,"title_content_block_1":"La comodidad de tu sala de estar, ahora en tu jard\u00edn","text_content_block_1":"El sof\u00e1 luma, dise\u00f1ado para acomodar c\u00f3modamente a 2 personas, es esencial para sus momentos de relajaci\u00f3n al aire libre. Influenciado por Rattan, su tejido blanco est\u00e1 hecho de resina de pl\u00e1stico para una representaci\u00f3n realista y un toque agradable. Los cojines del sof\u00e1, hechos de poli\u00e9ster, son tratados anti-UV y repelentes de agua, lo que ralentiza su decoloraci\u00f3n. Calificado para uso profesional, se puede usar en una terraza de hotel o restaurante.","image_content_block_2":20484,"title_content_block_2":"Una sala de estar suave y delicada","text_content_block_2":"Con un dise\u00f1o de inspiraci\u00f3n neocl\u00e1sica, el sof\u00e1 de la gama Luma combina formas rectangulares y mimbre sint\u00e9tico, creando un espacio exterior aut\u00e9ntico, c\u00f3modo y acogedor. Coordinado con toda la colecci\u00f3n Luma, definida por su resina blanca, ofrece un entorno ideal para relajarse y disfrutar de comidas al aire libre con estilo.","image_content_block_3":20485,"title_content_block_3":"Consejos de mantenimiento","text_content_block_3":"Para preservar las propiedades de tus muebles, se recomienda protegerlos con una funda adecuada. Su estructura de aluminio, ligera y robusta, te permite moverlos f\u00e1cilmente y dejarlos al aire libre sin temor a la humedad y al \u00f3xido. Los cojines, completamente extra\u00edbles, deben protegerse de la humedad cuando no se usen. Las piezas de repuesto est\u00e1n disponibles para reparar y prolongar la vida \u00fatil de tus muebles.","image_content_block_4":"","title_content_block_4":"","text_content_block_4":"","image_content_block_5":"","title_content_block_5":"","text_content_block_5":""},"_links":{"self":[{"href":"https:\/\/www.naterial.com\/do\/wp-json\/wp\/v2\/product\/20096","targetHints":{"allow":["GET"]}}],"collection":[{"href":"https:\/\/www.naterial.com\/do\/wp-json\/wp\/v2\/product"}],"about":[{"href":"https:\/\/www.naterial.com\/do\/wp-json\/wp\/v2\/types\/product"}],"replies":[{"embeddable":true,"href":"https:\/\/www.naterial.com\/do\/wp-json\/wp\/v2\/comments?post=20096"}],"version-history":[{"count":1,"href":"https:\/\/www.naterial.com\/do\/wp-json\/wp\/v2\/product\/20096\/revisions"}],"predecessor-version":[{"id":20175,"href":"https:\/\/www.naterial.com\/do\/wp-json\/wp\/v2\/product\/20096\/revisions\/20175"}],"wp:featuredmedia":[{"embeddable":true,"href":"https:\/\/www.naterial.com\/do\/wp-json\/wp\/v2\/media\/20943"}],"wp:attachment":[{"href":"https:\/\/www.naterial.com\/do\/wp-json\/wp\/v2\/media?parent=20096"}],"wp:term":[{"taxonomy":"collection","embeddable":true,"href":"https:\/\/www.naterial.com\/do\/wp-json\/wp\/v2\/collection?post=20096"},{"taxonomy":"product_model","embeddable":true,"href":"https:\/\/www.naterial.com\/do\/wp-json\/wp\/v2\/product_model?post=20096"},{"taxonomy":"product_brand","embeddable":true,"href":"https:\/\/www.naterial.com\/do\/wp-json\/wp\/v2\/product_brand?post=20096"},{"taxonomy":"product_cat","embeddable":true,"href":"https:\/\/www.naterial.com\/do\/wp-json\/wp\/v2\/product_cat?post=20096"},{"taxonomy":"product_tag","embeddable":true,"href":"https:\/\/www.naterial.com\/do\/wp-json\/wp\/v2\/product_tag?post=20096"}],"curies":[{"name":"wp","href":"https:\/\/api.w.org\/{rel}","templated":true}]}}