{"id":20100,"date":"2026-02-12T10:34:44","date_gmt":"2026-02-12T09:34:44","guid":{"rendered":"https:\/\/www.naterial.com\/do\/?product=sombrilla-de-terraza-descentrada-rectangular-led-sonora-ii-2"},"modified":"2026-03-18T09:29:17","modified_gmt":"2026-03-18T08:29:17","slug":"sombrilla-de-terraza-descentrada-rectangular-led-sonora-ii-2","status":"publish","type":"product","link":"https:\/\/www.naterial.com\/do\/producto\/sombrilla-de-terraza-descentrada-rectangular-led-sonora-ii-2\/","title":{"rendered":"Sombrilla de terraza descentrada rectangular LED Sonora II"},"content":{"rendered":"","protected":false},"excerpt":{"rendered":"<p>Sombrilla de terraza rectangular LED Sonora II combina iluminaci\u00f3n LED integrada con m\u00e1stil descentrado para sombra sin obst\u00e1culos. Ideal para terrazas y jardines, ofrece comodidad, estilo y resistencia. Eleva el dise\u00f1o de tu \u00e1rea exterior con piezas duraderas y sofisticadas.<\/p>\n","protected":false},"featured_media":20958,"comment_status":"open","ping_status":"closed","template":"","meta":{"_acf_changed":false,"footnotes":""},"collection":[111],"product_model":[98],"product_brand":[],"product_cat":[93],"product_tag":[],"class_list":{"0":"post-20100","1":"product","2":"type-product","3":"status-publish","4":"has-post-thumbnail","6":"collection-sonora","7":"product_model-98","8":"product_cat-sombrillas-de-terraza","10":"first","11":"instock","12":"taxable","13":"shipping-taxable","14":"purchasable","15":"product-type-simple"},"acf":{"wproduct_subtitle":"Antracita, 391x282 cm","wproduct_instruction_manual_url":"https:\/\/media.adeo.com\/media\/4269629\/instructionsmanual","uy_product_type":"","image_content_block_1":20499,"title_content_block_1":"Un d\u00eda bajo la sombra de tu sombrilla ","text_content_block_1":"Con el liderado por Parasol Deported Sonora, disfrute de sus comidas en la terraza de d\u00eda y de noche. Su lienzo rectangular y grueso bloquea el 98% de los rayos UV, y puede albergar un gran muebles de jard\u00edn, o una mesa de 6 a 8 personas. Su m\u00e1stil de aluminio asegura su solidez y resistencia al \u00f3xido y al mal tiempo. F\u00e1cil de usar, se abre y simplemente se cierra gracias a su mango y manivela, pivotos a 360 \u00b0 y se inclina vertical y horizontalmente para protegerlo del sol en cualquier momento del d\u00eda.","image_content_block_2":20500,"title_content_block_2":"Dise\u00f1o y calidez para tus noches","text_content_block_2":"Al anochecer, disfrute de una atm\u00f3sfera moderada e \u00edntima bajo la sombrilla de terraza gracias a su iluminaci\u00f3n LED recargada con energ\u00eda solar, que le permite prolongar los momentos con amigos. La sombrilla de terraza Sonora II, con su lienzo antracita, aporta un toque de dise\u00f1o a su terraza, con sus LED integrados en las ramas de la estructura, combinando a la perfecci\u00f3n con muebles de exterior de estilo contempor\u00e1neo.","image_content_block_3":20501,"title_content_block_3":"Consejos de mantenimiento","text_content_block_3":"La tela impermeable de la sombrilla, fabricada en poli\u00e9ster, es altamente resistente a los rayos UV, lo que reduce la probabilidad de que se decolore con el uso diario. Para extender su vida \u00fatil, el lienzo se puede reemplazar y ajustar seg\u00fan tus necesidades. Para garantizar una estabilidad \u00f3ptima, aseg\u00farate de fijar la sombrilla con su base, llen\u00e1ndola con arena y agua. Su estructura se limpia f\u00e1cilmente con un pa\u00f1o h\u00famedo y un producto neutro. Durante el invierno, guarda la sombrilla bajo una funda protectora para preservar su calidad.","image_content_block_4":null,"title_content_block_4":"","text_content_block_4":"","image_content_block_5":null,"title_content_block_5":"","text_content_block_5":""},"_links":{"self":[{"href":"https:\/\/www.naterial.com\/do\/wp-json\/wp\/v2\/product\/20100","targetHints":{"allow":["GET"]}}],"collection":[{"href":"https:\/\/www.naterial.com\/do\/wp-json\/wp\/v2\/product"}],"about":[{"href":"https:\/\/www.naterial.com\/do\/wp-json\/wp\/v2\/types\/product"}],"replies":[{"embeddable":true,"href":"https:\/\/www.naterial.com\/do\/wp-json\/wp\/v2\/comments?post=20100"}],"version-history":[{"count":1,"href":"https:\/\/www.naterial.com\/do\/wp-json\/wp\/v2\/product\/20100\/revisions"}],"predecessor-version":[{"id":20498,"href":"https:\/\/www.naterial.com\/do\/wp-json\/wp\/v2\/product\/20100\/revisions\/20498"}],"wp:featuredmedia":[{"embeddable":true,"href":"https:\/\/www.naterial.com\/do\/wp-json\/wp\/v2\/media\/20958"}],"wp:attachment":[{"href":"https:\/\/www.naterial.com\/do\/wp-json\/wp\/v2\/media?parent=20100"}],"wp:term":[{"taxonomy":"collection","embeddable":true,"href":"https:\/\/www.naterial.com\/do\/wp-json\/wp\/v2\/collection?post=20100"},{"taxonomy":"product_model","embeddable":true,"href":"https:\/\/www.naterial.com\/do\/wp-json\/wp\/v2\/product_model?post=20100"},{"taxonomy":"product_brand","embeddable":true,"href":"https:\/\/www.naterial.com\/do\/wp-json\/wp\/v2\/product_brand?post=20100"},{"taxonomy":"product_cat","embeddable":true,"href":"https:\/\/www.naterial.com\/do\/wp-json\/wp\/v2\/product_cat?post=20100"},{"taxonomy":"product_tag","embeddable":true,"href":"https:\/\/www.naterial.com\/do\/wp-json\/wp\/v2\/product_tag?post=20100"}],"curies":[{"name":"wp","href":"https:\/\/api.w.org\/{rel}","templated":true}]}}