{"id":20103,"date":"2026-02-12T10:34:45","date_gmt":"2026-02-12T09:34:45","guid":{"rendered":"https:\/\/www.naterial.com\/do\/?product=sombrilla-de-terraza-descentrada-cuadrada-led-sonora-ii-3"},"modified":"2026-03-18T09:29:19","modified_gmt":"2026-03-18T08:29:19","slug":"sombrilla-de-terraza-descentrada-cuadrada-led-sonora-ii-3","status":"publish","type":"product","link":"https:\/\/www.naterial.com\/do\/producto\/sombrilla-de-terraza-descentrada-cuadrada-led-sonora-ii-3\/","title":{"rendered":"Sombrilla de terraza descentrada cuadrada LED Sonora II"},"content":{"rendered":"","protected":false},"excerpt":{"rendered":"<p>Sombrilla de terraza cuadrada LED Sonora II combina iluminaci\u00f3n LED integrada con m\u00e1stil descentrado para sombra sin obst\u00e1culos. Ideal para terrazas y jardines, ofrece comodidad, estilo y resistencia. Transforma tu jard\u00edn en un espacio lleno de estilo y comodidad.<\/p>\n","protected":false},"featured_media":20970,"comment_status":"open","ping_status":"closed","template":"","meta":{"_acf_changed":false,"footnotes":""},"collection":[111],"product_model":[98],"product_brand":[],"product_cat":[93],"product_tag":[],"class_list":{"0":"post-20103","1":"product","2":"type-product","3":"status-publish","4":"has-post-thumbnail","6":"collection-sonora","7":"product_model-98","8":"product_cat-sombrillas-de-terraza","10":"first","11":"instock","12":"taxable","13":"shipping-taxable","14":"purchasable","15":"product-type-simple"},"acf":{"wproduct_subtitle":"Blanco, 288x288 cm","wproduct_instruction_manual_url":"https:\/\/media.adeo.com\/media\/4269447\/instructionsmanual","uy_product_type":"","image_content_block_1":20510,"title_content_block_1":"Un d\u00eda bajo la sombra de tu sombrilla ","text_content_block_1":"Con el liderado por Parasol Deported Sonora II, disfrute de sus comidas en la terraza d\u00eda y noche. Su lienzo cuadrado y grueso bloquea el 98% de los rayos UV, y puede albergar dos tomas del sol, o una mesa de 4 a 6 personas. Su m\u00e1stil de aluminio asegura su solidez y resistencia al \u00f3xido y al mal tiempo. F\u00e1cil de usar, se abre y cierra simplemente gracias al mango y su manivela, pivotas 360 \u00b0 y se inclina vertical y horizontalmente para protegerlo del sol en cualquier momento del d\u00eda.","image_content_block_2":20511,"title_content_block_2":"Consejos de mantenimiento","text_content_block_2":"La tela impermeable de la sombrilla, fabricada en poli\u00e9ster, es altamente resistente a los rayos UV, lo que reduce la probabilidad de que se decolore con el uso diario. Para extender su vida \u00fatil, el lienzo se puede reemplazar y ajustar seg\u00fan tus necesidades. Para garantizar una estabilidad \u00f3ptima, aseg\u00farate de fijar la sombrilla con su base, llen\u00e1ndola con arena y agua. Su estructura se limpia f\u00e1cilmente con un pa\u00f1o h\u00famedo y un producto neutro. Durante el invierno, guarda la sombrilla bajo una funda protectora para preservar su calidad.","image_content_block_3":null,"title_content_block_3":"","text_content_block_3":"","image_content_block_4":null,"title_content_block_4":"","text_content_block_4":"","image_content_block_5":null,"title_content_block_5":"","text_content_block_5":""},"_links":{"self":[{"href":"https:\/\/www.naterial.com\/do\/wp-json\/wp\/v2\/product\/20103","targetHints":{"allow":["GET"]}}],"collection":[{"href":"https:\/\/www.naterial.com\/do\/wp-json\/wp\/v2\/product"}],"about":[{"href":"https:\/\/www.naterial.com\/do\/wp-json\/wp\/v2\/types\/product"}],"replies":[{"embeddable":true,"href":"https:\/\/www.naterial.com\/do\/wp-json\/wp\/v2\/comments?post=20103"}],"version-history":[{"count":1,"href":"https:\/\/www.naterial.com\/do\/wp-json\/wp\/v2\/product\/20103\/revisions"}],"predecessor-version":[{"id":20509,"href":"https:\/\/www.naterial.com\/do\/wp-json\/wp\/v2\/product\/20103\/revisions\/20509"}],"wp:featuredmedia":[{"embeddable":true,"href":"https:\/\/www.naterial.com\/do\/wp-json\/wp\/v2\/media\/20970"}],"wp:attachment":[{"href":"https:\/\/www.naterial.com\/do\/wp-json\/wp\/v2\/media?parent=20103"}],"wp:term":[{"taxonomy":"collection","embeddable":true,"href":"https:\/\/www.naterial.com\/do\/wp-json\/wp\/v2\/collection?post=20103"},{"taxonomy":"product_model","embeddable":true,"href":"https:\/\/www.naterial.com\/do\/wp-json\/wp\/v2\/product_model?post=20103"},{"taxonomy":"product_brand","embeddable":true,"href":"https:\/\/www.naterial.com\/do\/wp-json\/wp\/v2\/product_brand?post=20103"},{"taxonomy":"product_cat","embeddable":true,"href":"https:\/\/www.naterial.com\/do\/wp-json\/wp\/v2\/product_cat?post=20103"},{"taxonomy":"product_tag","embeddable":true,"href":"https:\/\/www.naterial.com\/do\/wp-json\/wp\/v2\/product_tag?post=20103"}],"curies":[{"name":"wp","href":"https:\/\/api.w.org\/{rel}","templated":true}]}}