{"id":20105,"date":"2026-02-12T10:34:46","date_gmt":"2026-02-12T09:34:46","guid":{"rendered":"https:\/\/www.naterial.com\/do\/?product=sillon-de-jardin-aluminio-calypso"},"modified":"2026-03-18T09:29:20","modified_gmt":"2026-03-18T08:29:20","slug":"sillon-de-jardin-aluminio-calypso","status":"publish","type":"product","link":"https:\/\/www.naterial.com\/do\/producto\/sillon-de-jardin-aluminio-calypso\/","title":{"rendered":"Sill\u00f3n de jard\u00edn aluminio Calypso"},"content":{"rendered":"","protected":false},"excerpt":{"rendered":"<p>Sill\u00f3n de jard\u00edn Calypso combina aluminio anticorrosivo con dise\u00f1o funcional y elegante. Ideal para terrazas y jardines, ofrece comodidad, estilo y resistencia. Convierte tu patio en el lugar ideal para relajarte con elegancia.<\/p>\n","protected":false},"featured_media":20735,"comment_status":"open","ping_status":"closed","template":"","meta":{"_acf_changed":false,"footnotes":""},"collection":[112],"product_model":[46],"product_brand":[],"product_cat":[83],"product_tag":[],"class_list":{"0":"post-20105","1":"product","2":"type-product","3":"status-publish","4":"has-post-thumbnail","6":"collection-calypso","7":"product_model-46","8":"product_cat-sillas","10":"first","11":"instock","12":"taxable","13":"shipping-taxable","14":"purchasable","15":"product-type-simple"},"acf":{"wproduct_subtitle":"Gris antracita","wproduct_instruction_manual_url":"https:\/\/media.adeo.com\/media\/4269652\/instructionsmanual","uy_product_type":"","image_content_block_1":null,"title_content_block_1":"","text_content_block_1":"","image_content_block_2":null,"title_content_block_2":"","text_content_block_2":"","image_content_block_3":null,"title_content_block_3":"","text_content_block_3":"","image_content_block_4":null,"title_content_block_4":"","text_content_block_4":"","image_content_block_5":null,"title_content_block_5":"","text_content_block_5":""},"_links":{"self":[{"href":"https:\/\/www.naterial.com\/do\/wp-json\/wp\/v2\/product\/20105","targetHints":{"allow":["GET"]}}],"collection":[{"href":"https:\/\/www.naterial.com\/do\/wp-json\/wp\/v2\/product"}],"about":[{"href":"https:\/\/www.naterial.com\/do\/wp-json\/wp\/v2\/types\/product"}],"replies":[{"embeddable":true,"href":"https:\/\/www.naterial.com\/do\/wp-json\/wp\/v2\/comments?post=20105"}],"version-history":[{"count":1,"href":"https:\/\/www.naterial.com\/do\/wp-json\/wp\/v2\/product\/20105\/revisions"}],"predecessor-version":[{"id":20515,"href":"https:\/\/www.naterial.com\/do\/wp-json\/wp\/v2\/product\/20105\/revisions\/20515"}],"wp:featuredmedia":[{"embeddable":true,"href":"https:\/\/www.naterial.com\/do\/wp-json\/wp\/v2\/media\/20735"}],"wp:attachment":[{"href":"https:\/\/www.naterial.com\/do\/wp-json\/wp\/v2\/media?parent=20105"}],"wp:term":[{"taxonomy":"collection","embeddable":true,"href":"https:\/\/www.naterial.com\/do\/wp-json\/wp\/v2\/collection?post=20105"},{"taxonomy":"product_model","embeddable":true,"href":"https:\/\/www.naterial.com\/do\/wp-json\/wp\/v2\/product_model?post=20105"},{"taxonomy":"product_brand","embeddable":true,"href":"https:\/\/www.naterial.com\/do\/wp-json\/wp\/v2\/product_brand?post=20105"},{"taxonomy":"product_cat","embeddable":true,"href":"https:\/\/www.naterial.com\/do\/wp-json\/wp\/v2\/product_cat?post=20105"},{"taxonomy":"product_tag","embeddable":true,"href":"https:\/\/www.naterial.com\/do\/wp-json\/wp\/v2\/product_tag?post=20105"}],"curies":[{"name":"wp","href":"https:\/\/api.w.org\/{rel}","templated":true}]}}