{"id":20109,"date":"2026-02-12T10:34:49","date_gmt":"2026-02-12T09:34:49","guid":{"rendered":"https:\/\/www.naterial.com\/do\/?product=mesa-de-exterior-extensible-aluminio-y-cristal-lyra-ii-2"},"modified":"2026-03-18T09:29:25","modified_gmt":"2026-03-18T08:29:25","slug":"mesa-de-exterior-extensible-aluminio-y-cristal-lyra-ii-2","status":"publish","type":"product","link":"https:\/\/www.naterial.com\/do\/producto\/mesa-de-exterior-extensible-aluminio-y-cristal-lyra-ii-2\/","title":{"rendered":"Mesa de exterior extensible aluminio y cristal Lyra II"},"content":{"rendered":"","protected":false},"excerpt":{"rendered":"<p>Mesa de exterior extensible Lyra II combina aluminio anticorrosivo, cristal templado con sistema extensible para optimizar espacio. Ideal para terrazas y jardines, ofrece comodidad, estilo y resistencia. Haz de tu patio el rinc\u00f3n perfecto con elegancia y funcionalidad.<\/p>\n","protected":false},"featured_media":20990,"comment_status":"open","ping_status":"closed","template":"","meta":{"_acf_changed":false,"footnotes":""},"collection":[126],"product_model":[67],"product_brand":[],"product_cat":[82],"product_tag":[],"class_list":{"0":"post-20109","1":"product","2":"type-product","3":"status-publish","4":"has-post-thumbnail","6":"collection-lyra","7":"product_model-67","8":"product_cat-mesas-de-exterior-extensibles","10":"first","11":"instock","12":"taxable","13":"shipping-taxable","14":"product-type-simple"},"acf":{"wproduct_subtitle":"10 asientos, blanco","wproduct_instruction_manual_url":"https:\/\/media.adeo.com\/media\/4369319\/instructionsmanual","uy_product_type":"","image_content_block_1":20527,"title_content_block_1":"Una mesa extensible para tus comidas agradables en el jard\u00edn","text_content_block_1":"Invita a tus invitados a compartir buenas comidas alrededor de la mesa Lyra II. Extensible, su extensi\u00f3n central es manual y se despliega f\u00e1cilmente para pasar de una mesa de 4 a 10 personas en un solo movimiento. Robusta y duradera, la mesa Lyra II no teme los caprichos del clima. Su estructura fabricada en aluminio y su tapa de cristal tintado garantizan una alta resistencia al \u00f3xido y a la humedad, y facilidad de limpieza.","image_content_block_2":20528,"title_content_block_2":"Una gama geom\u00e9trica y coordinable","text_content_block_2":"Su formato y sus patas rectangulares confieren a la mesa un aspecto geom\u00e9trico contempor\u00e1neo, reforzado por la elecci\u00f3n del aluminio que refleja los c\u00f3digos del estilo de dise\u00f1o. Esta mesa extensible aportar\u00e1 un toque de modernidad a tus espacios exteriores. Para un comedor armonioso, comb\u00ednala con las sillas Orion II o Beta II. La mesa Lyra II tambi\u00e9n est\u00e1 disponible en antracita y moca, y combina perfectamente con los muebles de exterior Lyra para crear un conjunto de dise\u00f1o armonioso.","image_content_block_3":20529,"title_content_block_3":"Consejos de mantenimiento","text_content_block_3":"Pr\u00e1ctica para el uso diario, un pa\u00f1o h\u00famedo y un producto neutro son suficientes para mantener tu mesa de exterior en buen estado. Para conservar tus muebles, aseg\u00farate de cubrirlos durante largos per\u00edodos de inactividad, protegi\u00e9ndolos de la suciedad y los rigores del tiempo. Hay piezas de repuesto disponibles para reparar y prolongar la vida \u00fatil de tus muebles.","image_content_block_4":null,"title_content_block_4":"","text_content_block_4":"","image_content_block_5":null,"title_content_block_5":"","text_content_block_5":""},"_links":{"self":[{"href":"https:\/\/www.naterial.com\/do\/wp-json\/wp\/v2\/product\/20109","targetHints":{"allow":["GET"]}}],"collection":[{"href":"https:\/\/www.naterial.com\/do\/wp-json\/wp\/v2\/product"}],"about":[{"href":"https:\/\/www.naterial.com\/do\/wp-json\/wp\/v2\/types\/product"}],"replies":[{"embeddable":true,"href":"https:\/\/www.naterial.com\/do\/wp-json\/wp\/v2\/comments?post=20109"}],"version-history":[{"count":1,"href":"https:\/\/www.naterial.com\/do\/wp-json\/wp\/v2\/product\/20109\/revisions"}],"predecessor-version":[{"id":20177,"href":"https:\/\/www.naterial.com\/do\/wp-json\/wp\/v2\/product\/20109\/revisions\/20177"}],"wp:featuredmedia":[{"embeddable":true,"href":"https:\/\/www.naterial.com\/do\/wp-json\/wp\/v2\/media\/20990"}],"wp:attachment":[{"href":"https:\/\/www.naterial.com\/do\/wp-json\/wp\/v2\/media?parent=20109"}],"wp:term":[{"taxonomy":"collection","embeddable":true,"href":"https:\/\/www.naterial.com\/do\/wp-json\/wp\/v2\/collection?post=20109"},{"taxonomy":"product_model","embeddable":true,"href":"https:\/\/www.naterial.com\/do\/wp-json\/wp\/v2\/product_model?post=20109"},{"taxonomy":"product_brand","embeddable":true,"href":"https:\/\/www.naterial.com\/do\/wp-json\/wp\/v2\/product_brand?post=20109"},{"taxonomy":"product_cat","embeddable":true,"href":"https:\/\/www.naterial.com\/do\/wp-json\/wp\/v2\/product_cat?post=20109"},{"taxonomy":"product_tag","embeddable":true,"href":"https:\/\/www.naterial.com\/do\/wp-json\/wp\/v2\/product_tag?post=20109"}],"curies":[{"name":"wp","href":"https:\/\/api.w.org\/{rel}","templated":true}]}}