{"id":20110,"date":"2026-02-12T10:34:49","date_gmt":"2026-02-12T09:34:49","guid":{"rendered":"https:\/\/www.naterial.com\/do\/?product=mesa-de-exterior-cuadrada-aluminio-gaia"},"modified":"2026-03-18T09:29:25","modified_gmt":"2026-03-18T08:29:25","slug":"mesa-de-exterior-cuadrada-aluminio-gaia","status":"publish","type":"product","link":"https:\/\/www.naterial.com\/do\/producto\/mesa-de-exterior-cuadrada-aluminio-gaia\/","title":{"rendered":"Mesa de exterior cuadrada aluminio Gaia"},"content":{"rendered":"","protected":false},"excerpt":{"rendered":"<p>Mesa de exterior cuadrada Gaia combina aluminio anticorrosivo con dise\u00f1o funcional y elegante. Ideal para terrazas y jardines, ofrece comodidad, estilo y resistencia. Eleva el dise\u00f1o de tu \u00e1rea exterior con piezas duraderas y sofisticadas.<\/p>\n","protected":false},"featured_media":20995,"comment_status":"open","ping_status":"closed","template":"","meta":{"_acf_changed":false,"footnotes":""},"collection":[175,169],"product_model":[59],"product_brand":[],"product_cat":[152],"product_tag":[],"class_list":{"0":"post-20110","1":"product","2":"type-product","3":"status-publish","4":"has-post-thumbnail","6":"collection-coleccion-2026","7":"collection-gaia","8":"product_model-59","9":"product_cat-mesas-de-exterior-no-extensibles","11":"first","12":"instock","13":"taxable","14":"shipping-taxable","15":"purchasable","16":"product-type-simple"},"acf":{"wproduct_subtitle":"4 asientos, marr\u00f3n","wproduct_instruction_manual_url":"https:\/\/media.adeo.com\/media\/4501100\/instructionsmanual","uy_product_type":"","image_content_block_1":20530,"title_content_block_1":"Una mesa compacta y elegante para espacios peque\u00f1os y grandes","text_content_block_1":"Una suave mezcla entre una estructura de aluminio con efecto madera y una exclusiva tapa de cer\u00e1mica, la mesa de jard\u00edn Gaia es ideal para balcones y espacios peque\u00f1os. Dise\u00f1ada para alojar de 2 a 4 personas, aportar\u00e1 un toque de dulzura a tu terraza. La estructura de aluminio de la mesa y el tablero de cer\u00e1mica garantizan solidez, resistencia a la intemperie y facilidad de limpieza. La combinaci\u00f3n perfecta para disfrutar de tus comidas al aire libre sin preocuparte por el paso del tiempo.","image_content_block_2":20531,"title_content_block_2":"Una gama natural y coordinable","text_content_block_2":"La originalidad de la gama Gaia reside en su encimera de cer\u00e1mica estilo loza, que realzar\u00e1 tu espacio exterior. Este mosaico, combinado con aluminio imitaci\u00f3n madera, ofrece un aspecto \u00fanico a tu terraza. Combina esta mesa de exterior con las sillas tejidas de la serie para crear un espacio c\u00e1lido y bohemio en tu terraza. Ampl\u00eda tu momento de relax al aire libre con los muebles de exterior Gaia, que siguen los mismos c\u00f3digos de estilo.","image_content_block_3":20532,"title_content_block_3":"Consejos de mantenimiento","text_content_block_3":"Dise\u00f1ada para durar, esta mesa de exterior de aluminio con efecto madera aportar\u00e1 un aspecto c\u00e1lido a tu terraza, requiriendo menos mantenimiento. Para su cuidado, basta con un pa\u00f1o h\u00famedo y un producto neutro. Para conservar tus muebles, aseg\u00farate de cubrirlos durante largos per\u00edodos de inactividad, protegi\u00e9ndolos de la suciedad y los rigores del tiempo. Hay piezas de repuesto disponibles para reparar y prolongar la vida \u00fatil de tus muebles.","image_content_block_4":null,"title_content_block_4":"","text_content_block_4":"","image_content_block_5":null,"title_content_block_5":"","text_content_block_5":""},"_links":{"self":[{"href":"https:\/\/www.naterial.com\/do\/wp-json\/wp\/v2\/product\/20110","targetHints":{"allow":["GET"]}}],"collection":[{"href":"https:\/\/www.naterial.com\/do\/wp-json\/wp\/v2\/product"}],"about":[{"href":"https:\/\/www.naterial.com\/do\/wp-json\/wp\/v2\/types\/product"}],"replies":[{"embeddable":true,"href":"https:\/\/www.naterial.com\/do\/wp-json\/wp\/v2\/comments?post=20110"}],"version-history":[{"count":1,"href":"https:\/\/www.naterial.com\/do\/wp-json\/wp\/v2\/product\/20110\/revisions"}],"predecessor-version":[{"id":20178,"href":"https:\/\/www.naterial.com\/do\/wp-json\/wp\/v2\/product\/20110\/revisions\/20178"}],"wp:featuredmedia":[{"embeddable":true,"href":"https:\/\/www.naterial.com\/do\/wp-json\/wp\/v2\/media\/20995"}],"wp:attachment":[{"href":"https:\/\/www.naterial.com\/do\/wp-json\/wp\/v2\/media?parent=20110"}],"wp:term":[{"taxonomy":"collection","embeddable":true,"href":"https:\/\/www.naterial.com\/do\/wp-json\/wp\/v2\/collection?post=20110"},{"taxonomy":"product_model","embeddable":true,"href":"https:\/\/www.naterial.com\/do\/wp-json\/wp\/v2\/product_model?post=20110"},{"taxonomy":"product_brand","embeddable":true,"href":"https:\/\/www.naterial.com\/do\/wp-json\/wp\/v2\/product_brand?post=20110"},{"taxonomy":"product_cat","embeddable":true,"href":"https:\/\/www.naterial.com\/do\/wp-json\/wp\/v2\/product_cat?post=20110"},{"taxonomy":"product_tag","embeddable":true,"href":"https:\/\/www.naterial.com\/do\/wp-json\/wp\/v2\/product_tag?post=20110"}],"curies":[{"name":"wp","href":"https:\/\/api.w.org\/{rel}","templated":true}]}}