{"id":20115,"date":"2026-02-12T10:34:53","date_gmt":"2026-02-12T09:34:53","guid":{"rendered":"https:\/\/www.naterial.com\/do\/?product=mesa-de-exterior-fija-teca-y-aluminio-sirokos"},"modified":"2026-03-18T09:29:27","modified_gmt":"2026-03-18T08:29:27","slug":"mesa-de-exterior-fija-teca-y-aluminio-sirokos","status":"publish","type":"product","link":"https:\/\/www.naterial.com\/do\/producto\/mesa-de-exterior-fija-teca-y-aluminio-sirokos\/","title":{"rendered":"Mesa de exterior fija teca y aluminio Sirokos"},"content":{"rendered":"","protected":false},"excerpt":{"rendered":"<p>Mesa de exterior fija Sirokos combina aluminio anticorrosivo, madera de teca natural con dise\u00f1o funcional y elegante. Ideal para terrazas y jardines, ofrece comodidad, estilo y resistencia. Convierte tu patio en el lugar ideal para relajarte con elegancia.<\/p>\n","protected":false},"featured_media":21017,"comment_status":"open","ping_status":"closed","template":"","meta":{"_acf_changed":false,"footnotes":""},"collection":[170],"product_model":[59],"product_brand":[],"product_cat":[152],"product_tag":[],"class_list":{"0":"post-20115","1":"product","2":"type-product","3":"status-publish","4":"has-post-thumbnail","6":"collection-sirokos","7":"product_model-59","8":"product_cat-mesas-de-exterior-no-extensibles","10":"first","11":"instock","12":"taxable","13":"shipping-taxable","14":"purchasable","15":"product-type-simple"},"acf":{"wproduct_subtitle":"6 asientos, antracita","wproduct_instruction_manual_url":"https:\/\/media.adeo.com\/media\/4501085\/instructionsmanual","uy_product_type":"","image_content_block_1":20545,"title_content_block_1":"Una mesa de exterior alta y elegante para cualquier espacio","text_content_block_1":"Convivial y elegante, la mesa de jard\u00edn Sirokos, en teca reciclada FSC y aluminio, es ideal para tus comidas al aire libre. Su estructura robusta en aluminio color antracita y su tablero en madera reciclada aportan un toque de modernidad a tu terraza. Dise\u00f1ada para alojar hasta 6 personas, esta mesa en teca es duradera y resistente, para disfrutar de momentos agradables temporada tras temporada.","image_content_block_2":20546,"title_content_block_2":"Un estilo \u00fanico para tu terraza","text_content_block_2":"La combinaci\u00f3n de la c\u00e1lida teca y el aluminio confiere a esta mesa un estilo industrial y contempor\u00e1neo que embellecer\u00e1 tu terraza. La madera reciclada, proveniente de antiguos astilleros y barcos, se corta y ensambla para crear un patchwork \u00fanico en la estructura de la mesa. Este dise\u00f1o especial convierte a cada mesa en una pieza \u00fanica. Completa el conjunto con los bancos Sirokos o el sal\u00f3n de esquina Sirokos, y crea una atm\u00f3sfera arm\u00f3nica en tu terraza.","image_content_block_3":20547,"title_content_block_3":"Consejos de mantenimiento","text_content_block_3":"La superficie maciza de teca y la estructura de aluminio garantizan a esta mesa una gran robustez y una durabilidad destacada. Fabricada con teca reciclada certificada FSC, esta mesa es respetuosa con el medio ambiente. Para preservar la belleza de la madera, se recomienda aplicar anualmente aceite de teca o de linaza. Durante los per\u00edodos de no uso, es aconsejable cubrir la mesa para protegerla de los rigores del tiempo y la suciedad. Un desengrasante puede utilizarse para restaurar el color natural de la madera, que se vuelve gris con el tiempo. El aluminio, por su parte, se limpia f\u00e1cilmente con un pa\u00f1o h\u00famedo y un producto neutro. Reparable, dispone de piezas de repuesto para prolongar la vida \u00fatil de tu mobiliario.","image_content_block_4":null,"title_content_block_4":"","text_content_block_4":"","image_content_block_5":null,"title_content_block_5":"","text_content_block_5":""},"_links":{"self":[{"href":"https:\/\/www.naterial.com\/do\/wp-json\/wp\/v2\/product\/20115","targetHints":{"allow":["GET"]}}],"collection":[{"href":"https:\/\/www.naterial.com\/do\/wp-json\/wp\/v2\/product"}],"about":[{"href":"https:\/\/www.naterial.com\/do\/wp-json\/wp\/v2\/types\/product"}],"replies":[{"embeddable":true,"href":"https:\/\/www.naterial.com\/do\/wp-json\/wp\/v2\/comments?post=20115"}],"version-history":[{"count":1,"href":"https:\/\/www.naterial.com\/do\/wp-json\/wp\/v2\/product\/20115\/revisions"}],"predecessor-version":[{"id":20183,"href":"https:\/\/www.naterial.com\/do\/wp-json\/wp\/v2\/product\/20115\/revisions\/20183"}],"wp:featuredmedia":[{"embeddable":true,"href":"https:\/\/www.naterial.com\/do\/wp-json\/wp\/v2\/media\/21017"}],"wp:attachment":[{"href":"https:\/\/www.naterial.com\/do\/wp-json\/wp\/v2\/media?parent=20115"}],"wp:term":[{"taxonomy":"collection","embeddable":true,"href":"https:\/\/www.naterial.com\/do\/wp-json\/wp\/v2\/collection?post=20115"},{"taxonomy":"product_model","embeddable":true,"href":"https:\/\/www.naterial.com\/do\/wp-json\/wp\/v2\/product_model?post=20115"},{"taxonomy":"product_brand","embeddable":true,"href":"https:\/\/www.naterial.com\/do\/wp-json\/wp\/v2\/product_brand?post=20115"},{"taxonomy":"product_cat","embeddable":true,"href":"https:\/\/www.naterial.com\/do\/wp-json\/wp\/v2\/product_cat?post=20115"},{"taxonomy":"product_tag","embeddable":true,"href":"https:\/\/www.naterial.com\/do\/wp-json\/wp\/v2\/product_tag?post=20115"}],"curies":[{"name":"wp","href":"https:\/\/api.w.org\/{rel}","templated":true}]}}