{"id":20118,"date":"2026-02-12T10:34:56","date_gmt":"2026-02-12T09:34:56","guid":{"rendered":"https:\/\/www.naterial.com\/do\/?product=mesa-de-exterior-fija-aluminio-oris"},"modified":"2026-03-18T09:29:29","modified_gmt":"2026-03-18T08:29:29","slug":"mesa-de-exterior-fija-aluminio-oris","status":"publish","type":"product","link":"https:\/\/www.naterial.com\/do\/producto\/mesa-de-exterior-fija-aluminio-oris\/","title":{"rendered":"Mesa de exterior fija aluminio Oris"},"content":{"rendered":"","protected":false},"excerpt":{"rendered":"<p>Mesa de exterior fija Oris combina aluminio anticorrosivo, detalle en eucalipto con dise\u00f1o funcional y elegante. Ideal para terrazas y jardines, ofrece comodidad, estilo y resistencia. Dale vida a tu jard\u00edn con muebles resistentes y modernos.<\/p>\n","protected":false},"featured_media":21031,"comment_status":"open","ping_status":"closed","template":"","meta":{"_acf_changed":false,"footnotes":""},"collection":[63],"product_model":[59],"product_brand":[],"product_cat":[152],"product_tag":[],"class_list":{"0":"post-20118","1":"product","2":"type-product","3":"status-publish","4":"has-post-thumbnail","6":"collection-oris","7":"product_model-59","8":"product_cat-mesas-de-exterior-no-extensibles","10":"first","11":"instock","12":"taxable","13":"shipping-taxable","14":"purchasable","15":"product-type-simple"},"acf":{"wproduct_subtitle":"4 personas, blanco crema","wproduct_instruction_manual_url":"https:\/\/media.adeo.com\/media\/4501036\/instructionsmanual","uy_product_type":"","image_content_block_1":20554,"title_content_block_1":"Una mesa de exterior ligera y duradera","text_content_block_1":"La mesa Oris es perfecta para sentar c\u00f3modamente de 2 a 4 personas en un balc\u00f3n o terraza. Su tapa est\u00e1 fabricada en madera de eucalipto FSC, lo que le confiere durabilidad y resistencia a las variaciones clim\u00e1ticas. Robusta y duradera, su estructura est\u00e1 fabricada en aluminio. Este material muy resistente no teme a la humedad ni al \u00f3xido. Ligera, podr\u00e1s mover f\u00e1cilmente la mesa Oris como desees.","image_content_block_2":20555,"title_content_block_2":"Una gama bimaterial con tonalidades suaves","text_content_block_2":"La mesa Oris te permite disfrutar de un estilo a la vez natural y contempor\u00e1neo. El color dorado de la madera se combina armoniosamente con el color crema de su estructura, aportando calidez a tu exterior. Puedes combinarla con las sillas de la misma serie para disfrutar de un ambiente moderno y natural durante tus comidas al aire libre. La mesa Oris tambi\u00e9n est\u00e1 disponible en versi\u00f3n extensible, y toda la gama est\u00e1 disponible en antracita.","image_content_block_3":20556,"title_content_block_3":"Consejos de mantenimiento","text_content_block_3":"Fabricada con eucalipto FSC, proveniente de bosques gestionados de manera responsable y sostenible, esta mesa est\u00e1 dise\u00f1ada para durar. Para nutrir la madera de eucalipto, se recomienda aplicar anualmente aceite de teca o de linaza a tus muebles. Para conservarlos, aseg\u00farate de cubrirlos durante largos per\u00edodos de inactividad, protegi\u00e9ndolos de la suciedad y las inclemencias del tiempo. Tambi\u00e9n puedes aplicar un desengrasante al tablero para restaurar su color original, que naturalmente se vuelve gris con el tiempo. El aluminio, por su parte, se limpia f\u00e1cilmente con un pa\u00f1o h\u00famedo y un producto neutro. Las piezas de repuesto est\u00e1n disponibles para reparar y prolongar la vida \u00fatil de tus muebles.","image_content_block_4":null,"title_content_block_4":"","text_content_block_4":"","image_content_block_5":null,"title_content_block_5":"","text_content_block_5":""},"_links":{"self":[{"href":"https:\/\/www.naterial.com\/do\/wp-json\/wp\/v2\/product\/20118","targetHints":{"allow":["GET"]}}],"collection":[{"href":"https:\/\/www.naterial.com\/do\/wp-json\/wp\/v2\/product"}],"about":[{"href":"https:\/\/www.naterial.com\/do\/wp-json\/wp\/v2\/types\/product"}],"replies":[{"embeddable":true,"href":"https:\/\/www.naterial.com\/do\/wp-json\/wp\/v2\/comments?post=20118"}],"version-history":[{"count":1,"href":"https:\/\/www.naterial.com\/do\/wp-json\/wp\/v2\/product\/20118\/revisions"}],"predecessor-version":[{"id":20186,"href":"https:\/\/www.naterial.com\/do\/wp-json\/wp\/v2\/product\/20118\/revisions\/20186"}],"wp:featuredmedia":[{"embeddable":true,"href":"https:\/\/www.naterial.com\/do\/wp-json\/wp\/v2\/media\/21031"}],"wp:attachment":[{"href":"https:\/\/www.naterial.com\/do\/wp-json\/wp\/v2\/media?parent=20118"}],"wp:term":[{"taxonomy":"collection","embeddable":true,"href":"https:\/\/www.naterial.com\/do\/wp-json\/wp\/v2\/collection?post=20118"},{"taxonomy":"product_model","embeddable":true,"href":"https:\/\/www.naterial.com\/do\/wp-json\/wp\/v2\/product_model?post=20118"},{"taxonomy":"product_brand","embeddable":true,"href":"https:\/\/www.naterial.com\/do\/wp-json\/wp\/v2\/product_brand?post=20118"},{"taxonomy":"product_cat","embeddable":true,"href":"https:\/\/www.naterial.com\/do\/wp-json\/wp\/v2\/product_cat?post=20118"},{"taxonomy":"product_tag","embeddable":true,"href":"https:\/\/www.naterial.com\/do\/wp-json\/wp\/v2\/product_tag?post=20118"}],"curies":[{"name":"wp","href":"https:\/\/api.w.org\/{rel}","templated":true}]}}