{"id":20119,"date":"2026-02-12T10:34:56","date_gmt":"2026-02-12T09:34:56","guid":{"rendered":"https:\/\/www.naterial.com\/do\/?product=mesa-de-exterior-fija-aluminio-y-cristal-lyra-ii"},"modified":"2026-03-18T09:29:29","modified_gmt":"2026-03-18T08:29:29","slug":"mesa-de-exterior-fija-aluminio-y-cristal-lyra-ii","status":"publish","type":"product","link":"https:\/\/www.naterial.com\/do\/producto\/mesa-de-exterior-fija-aluminio-y-cristal-lyra-ii\/","title":{"rendered":"Mesa de exterior fija aluminio y cristal Lyra II"},"content":{"rendered":"","protected":false},"excerpt":{"rendered":"<p>Mesa de exterior fija Lyra II combina aluminio anticorrosivo, cristal templado con dise\u00f1o funcional y elegante. Ideal para terrazas y jardines, ofrece comodidad, estilo y resistencia. Haz de tu patio el rinc\u00f3n perfecto con elegancia y funcionalidad.<\/p>\n","protected":false},"featured_media":21035,"comment_status":"open","ping_status":"closed","template":"","meta":{"_acf_changed":false,"footnotes":""},"collection":[126],"product_model":[59],"product_brand":[],"product_cat":[152],"product_tag":[],"class_list":{"0":"post-20119","1":"product","2":"type-product","3":"status-publish","4":"has-post-thumbnail","6":"collection-lyra","7":"product_model-59","8":"product_cat-mesas-de-exterior-no-extensibles","10":"first","11":"instock","12":"taxable","13":"shipping-taxable","14":"product-type-simple"},"acf":{"wproduct_subtitle":"4 asientos, antracita","wproduct_instruction_manual_url":"https:\/\/media.adeo.com\/media\/4498641\/instructionsmanual","uy_product_type":"","image_content_block_1":20558,"title_content_block_1":"Una mesa de exterior de dise\u00f1o pr\u00e1ctico y funcional","text_content_block_1":"Dise\u00f1ada para alojar hasta 4 personas en tu balc\u00f3n o terraza, esta mesa de comedor cuadrada combina dise\u00f1o y practicidad. Robusta y duradera, la mesa no teme los caprichos del clima. Su estructura de aluminio y su tapa de cristal tintado garantizan una alta resistencia al \u00f3xido y a la humedad, adem\u00e1s de facilidad de limpieza. Para ganar estabilidad, esta mesa est\u00e1 equipada con 4 patas regulables que compensan las irregularidades del terreno de tu terraza o jard\u00edn.","image_content_block_2":20559,"title_content_block_2":"Un dise\u00f1o moderno y coordinable.","text_content_block_2":"Su formato y patas rectangulares confieren a la mesa un aspecto geom\u00e9trico, y la combinaci\u00f3n de aluminio antracita y vidrio aporta un toque contempor\u00e1neo a la mesa, garantizando al mismo tiempo resistencia a la intemperie. Combine esta mesa con las sillas Lyra Beta II o las sillas multiposici\u00f3n Odyssea para obtener un espacio de comedor completamente armonioso. Esta mesa y sillas de la gama Lyra tambi\u00e9n est\u00e1n disponibles en blanco y moca.","image_content_block_3":20560,"title_content_block_3":"Consejos de mantenimiento","text_content_block_3":"Pr\u00e1ctica para el uso diario, un pa\u00f1o h\u00famedo y un producto neutro son suficientes para mantener tu mesa en buen estado. Para conservar tus muebles, aseg\u00farate de cubrirlos durante largos per\u00edodos de inactividad, protegi\u00e9ndolos de la suciedad y las inclemencias del tiempo. Las piezas de repuesto est\u00e1n disponibles para reparar y prolongar la vida \u00fatil de tus muebles.","image_content_block_4":null,"title_content_block_4":"","text_content_block_4":"","image_content_block_5":null,"title_content_block_5":"","text_content_block_5":""},"_links":{"self":[{"href":"https:\/\/www.naterial.com\/do\/wp-json\/wp\/v2\/product\/20119","targetHints":{"allow":["GET"]}}],"collection":[{"href":"https:\/\/www.naterial.com\/do\/wp-json\/wp\/v2\/product"}],"about":[{"href":"https:\/\/www.naterial.com\/do\/wp-json\/wp\/v2\/types\/product"}],"replies":[{"embeddable":true,"href":"https:\/\/www.naterial.com\/do\/wp-json\/wp\/v2\/comments?post=20119"}],"version-history":[{"count":1,"href":"https:\/\/www.naterial.com\/do\/wp-json\/wp\/v2\/product\/20119\/revisions"}],"predecessor-version":[{"id":20557,"href":"https:\/\/www.naterial.com\/do\/wp-json\/wp\/v2\/product\/20119\/revisions\/20557"}],"wp:featuredmedia":[{"embeddable":true,"href":"https:\/\/www.naterial.com\/do\/wp-json\/wp\/v2\/media\/21035"}],"wp:attachment":[{"href":"https:\/\/www.naterial.com\/do\/wp-json\/wp\/v2\/media?parent=20119"}],"wp:term":[{"taxonomy":"collection","embeddable":true,"href":"https:\/\/www.naterial.com\/do\/wp-json\/wp\/v2\/collection?post=20119"},{"taxonomy":"product_model","embeddable":true,"href":"https:\/\/www.naterial.com\/do\/wp-json\/wp\/v2\/product_model?post=20119"},{"taxonomy":"product_brand","embeddable":true,"href":"https:\/\/www.naterial.com\/do\/wp-json\/wp\/v2\/product_brand?post=20119"},{"taxonomy":"product_cat","embeddable":true,"href":"https:\/\/www.naterial.com\/do\/wp-json\/wp\/v2\/product_cat?post=20119"},{"taxonomy":"product_tag","embeddable":true,"href":"https:\/\/www.naterial.com\/do\/wp-json\/wp\/v2\/product_tag?post=20119"}],"curies":[{"name":"wp","href":"https:\/\/api.w.org\/{rel}","templated":true}]}}