{"id":20120,"date":"2026-02-12T10:34:57","date_gmt":"2026-02-12T09:34:57","guid":{"rendered":"https:\/\/www.naterial.com\/do\/?product=silla-de-jardin-aluminio-gaia"},"modified":"2026-03-18T09:29:30","modified_gmt":"2026-03-18T08:29:30","slug":"silla-de-jardin-aluminio-gaia","status":"publish","type":"product","link":"https:\/\/www.naterial.com\/do\/producto\/silla-de-jardin-aluminio-gaia\/","title":{"rendered":"Silla de jard\u00edn aluminio Gaia"},"content":{"rendered":"","protected":false},"excerpt":{"rendered":"<p>Silla de jard\u00edn Gaia combina aluminio anticorrosivo con dise\u00f1o funcional y elegante. Ideal para terrazas y jardines, ofrece comodidad, estilo y resistencia. Eleva el dise\u00f1o de tu \u00e1rea exterior con piezas duraderas y sofisticadas.<\/p>\n","protected":false},"featured_media":21039,"comment_status":"open","ping_status":"closed","template":"","meta":{"_acf_changed":false,"footnotes":""},"collection":[175,169],"product_model":[46],"product_brand":[],"product_cat":[83],"product_tag":[],"class_list":{"0":"post-20120","1":"product","2":"type-product","3":"status-publish","4":"has-post-thumbnail","6":"collection-coleccion-2026","7":"collection-gaia","8":"product_model-46","9":"product_cat-sillas","11":"first","12":"instock","13":"taxable","14":"shipping-taxable","15":"purchasable","16":"product-type-simple"},"acf":{"wproduct_subtitle":"Efecto madera de mimbre","wproduct_instruction_manual_url":"https:\/\/media.adeo.com\/media\/4230855\/instructionsmanual","uy_product_type":"","image_content_block_1":20562,"title_content_block_1":"Una silla c\u00f3moda y de estilo natural ","text_content_block_1":"Una suave mezcla entre una estructura de aluminio con efecto madera y un asiento tejido, la silla de jard\u00edn Gaia ofrece un confort \u00f3ptimo para tus comidas al aire libre. Su estructura de aluminio y asiento de cuerda sint\u00e9tica garantizan solidez, resistencia a la intemperie y facilidad de limpieza. Apilable, se puede guardar f\u00e1cilmente en invierno o cuando se vayan los invitados. Los asientos tejidos con cuerda sint\u00e9tica, imitando la cuerda natural, no solo son est\u00e9ticos, sino que tambi\u00e9n garantizan durabilidad y resistencia en el tiempo.","image_content_block_2":20542,"title_content_block_2":"Una gama natural y coordinable","text_content_block_2":"El taburete Gaia, combinado con el aluminio efecto madera, ofrecer\u00e1 un aspecto \u00fanico a tu terraza. Los asientos tejidos con cuerda sint\u00e9tica, imitando la cuerda natural, no solo son est\u00e9ticos, sino que tambi\u00e9n garantizan durabilidad y resistencia en el tiempo. Ampl\u00eda tu momento de relax al aire libre con los muebles de jard\u00edn Gaia, y su encimera de cer\u00e1mica estilo loza, que realzar\u00e1 tu espacio exterior.","image_content_block_3":20563,"title_content_block_3":"Consejos de mantenimiento","text_content_block_3":"Dise\u00f1ada para durar, esta silla de jard\u00edn de aluminio con efecto madera y cuerda sint\u00e9tica aportar\u00e1 un aspecto c\u00e1lido a tu terraza, requiriendo menos mantenimiento. Para su cuidado, basta con un pa\u00f1o h\u00famedo y un producto neutro. Para conservar tus muebles, aseg\u00farate de cubrirlos durante largos per\u00edodos de inactividad, protegi\u00e9ndolos de la suciedad y las inclemencias del tiempo. Las piezas de repuesto est\u00e1n disponibles para reparar y prolongar la vida \u00fatil de tus muebles.","image_content_block_4":null,"title_content_block_4":"","text_content_block_4":"","image_content_block_5":null,"title_content_block_5":"","text_content_block_5":""},"_links":{"self":[{"href":"https:\/\/www.naterial.com\/do\/wp-json\/wp\/v2\/product\/20120","targetHints":{"allow":["GET"]}}],"collection":[{"href":"https:\/\/www.naterial.com\/do\/wp-json\/wp\/v2\/product"}],"about":[{"href":"https:\/\/www.naterial.com\/do\/wp-json\/wp\/v2\/types\/product"}],"replies":[{"embeddable":true,"href":"https:\/\/www.naterial.com\/do\/wp-json\/wp\/v2\/comments?post=20120"}],"version-history":[{"count":1,"href":"https:\/\/www.naterial.com\/do\/wp-json\/wp\/v2\/product\/20120\/revisions"}],"predecessor-version":[{"id":20561,"href":"https:\/\/www.naterial.com\/do\/wp-json\/wp\/v2\/product\/20120\/revisions\/20561"}],"wp:featuredmedia":[{"embeddable":true,"href":"https:\/\/www.naterial.com\/do\/wp-json\/wp\/v2\/media\/21039"}],"wp:attachment":[{"href":"https:\/\/www.naterial.com\/do\/wp-json\/wp\/v2\/media?parent=20120"}],"wp:term":[{"taxonomy":"collection","embeddable":true,"href":"https:\/\/www.naterial.com\/do\/wp-json\/wp\/v2\/collection?post=20120"},{"taxonomy":"product_model","embeddable":true,"href":"https:\/\/www.naterial.com\/do\/wp-json\/wp\/v2\/product_model?post=20120"},{"taxonomy":"product_brand","embeddable":true,"href":"https:\/\/www.naterial.com\/do\/wp-json\/wp\/v2\/product_brand?post=20120"},{"taxonomy":"product_cat","embeddable":true,"href":"https:\/\/www.naterial.com\/do\/wp-json\/wp\/v2\/product_cat?post=20120"},{"taxonomy":"product_tag","embeddable":true,"href":"https:\/\/www.naterial.com\/do\/wp-json\/wp\/v2\/product_tag?post=20120"}],"curies":[{"name":"wp","href":"https:\/\/api.w.org\/{rel}","templated":true}]}}