{"id":20125,"date":"2026-02-12T10:35:00","date_gmt":"2026-02-12T09:35:00","guid":{"rendered":"https:\/\/www.naterial.com\/do\/?product=silla-de-jardin-aluminio-y-textileno-oris"},"modified":"2026-03-18T09:29:31","modified_gmt":"2026-03-18T08:29:31","slug":"silla-de-jardin-aluminio-y-textileno-oris","status":"publish","type":"product","link":"https:\/\/www.naterial.com\/do\/producto\/silla-de-jardin-aluminio-y-textileno-oris\/","title":{"rendered":"Silla de jard\u00edn aluminio y textileno Oris"},"content":{"rendered":"","protected":false},"excerpt":{"rendered":"<p>Silla de jard\u00edn Oris combina aluminio anticorrosivo, textileno transpirable con dise\u00f1o funcional y elegante. Ideal para terrazas y jardines, ofrece comodidad, estilo y resistencia. Convierte tu patio en el lugar ideal para relajarte con elegancia.<\/p>\n","protected":false},"featured_media":21058,"comment_status":"open","ping_status":"closed","template":"","meta":{"_acf_changed":false,"footnotes":""},"collection":[63],"product_model":[46],"product_brand":[],"product_cat":[83],"product_tag":[],"class_list":{"0":"post-20125","1":"product","2":"type-product","3":"status-publish","4":"has-post-thumbnail","6":"collection-oris","7":"product_model-46","8":"product_cat-sillas","10":"first","11":"instock","12":"taxable","13":"shipping-taxable","14":"purchasable","15":"product-type-simple"},"acf":{"wproduct_subtitle":"Blanco crema","wproduct_instruction_manual_url":"https:\/\/media.adeo.com\/media\/4501049\/instructionsmanual","uy_product_type":"","image_content_block_1":20578,"title_content_block_1":"Una silla c\u00f3moda y pr\u00e1ctica","text_content_block_1":"A juego con los productos de la gama Oris, esta pr\u00e1ctica y agradable silla es ideal para tus comidas en la terraza. Su asiento y respaldo est\u00e1n fabricados en textileno, y se adaptan a las curvas de tu cuerpo mientras te ofrecen un gran confort al sentarte. Su doble tejido aumenta la resistencia en el tiempo del asiento y del respaldo. Sus reposabrazos est\u00e1n fabricados en madera de eucalipto, para aportar un toque natural al conjunto. Su estructura, por su parte, est\u00e1 dise\u00f1ada en aluminio: este material muy resistente no teme a la humedad ni al \u00f3xido. Ligeras y funcionales, puedes mover f\u00e1cilmente las sillas Oris y apilarlas para guardarlas de forma r\u00e1pida y sencilla.","image_content_block_2":20579,"title_content_block_2":"Una est\u00e9tica industrial","text_content_block_2":"Con un dise\u00f1o industrial y una estructura que combina lo natural con lo contempor\u00e1neo, la silla Oris es ideal para tus momentos de relax o para recibir a tus invitados en una comida. El color dorado de la madera se armoniza perfectamente con el tono crema de su estructura. Comb\u00ednala con las mesas Oris para crear un ambiente de comedor c\u00e1lido y estilizado. Esta silla tambi\u00e9n est\u00e1 disponible en antracita, ofreciendo opciones para diferentes estilos.","image_content_block_3":20580,"title_content_block_3":"Consejos de mantenimiento","text_content_block_3":"Para conservar tus muebles, aseg\u00farate de cubrirlos durante largos per\u00edodos de inactividad, protegi\u00e9ndolos as\u00ed de la suciedad y las inclemencias del tiempo. Tambi\u00e9n se recomienda aplicar aceite de teca o de linaza a los reposabrazos de madera una vez al a\u00f1o. El aluminio y el textilene se limpian f\u00e1cilmente con un pa\u00f1o h\u00famedo y un producto neutro. El eucalipto de los reposabrazos proviene de bosques gestionados de manera responsable y sostenible. Las piezas de repuesto est\u00e1n disponibles para reparar y prolongar la vida \u00fatil de tus muebles.","image_content_block_4":null,"title_content_block_4":"","text_content_block_4":"","image_content_block_5":null,"title_content_block_5":"","text_content_block_5":""},"_links":{"self":[{"href":"https:\/\/www.naterial.com\/do\/wp-json\/wp\/v2\/product\/20125","targetHints":{"allow":["GET"]}}],"collection":[{"href":"https:\/\/www.naterial.com\/do\/wp-json\/wp\/v2\/product"}],"about":[{"href":"https:\/\/www.naterial.com\/do\/wp-json\/wp\/v2\/types\/product"}],"replies":[{"embeddable":true,"href":"https:\/\/www.naterial.com\/do\/wp-json\/wp\/v2\/comments?post=20125"}],"version-history":[{"count":1,"href":"https:\/\/www.naterial.com\/do\/wp-json\/wp\/v2\/product\/20125\/revisions"}],"predecessor-version":[{"id":20188,"href":"https:\/\/www.naterial.com\/do\/wp-json\/wp\/v2\/product\/20125\/revisions\/20188"}],"wp:featuredmedia":[{"embeddable":true,"href":"https:\/\/www.naterial.com\/do\/wp-json\/wp\/v2\/media\/21058"}],"wp:attachment":[{"href":"https:\/\/www.naterial.com\/do\/wp-json\/wp\/v2\/media?parent=20125"}],"wp:term":[{"taxonomy":"collection","embeddable":true,"href":"https:\/\/www.naterial.com\/do\/wp-json\/wp\/v2\/collection?post=20125"},{"taxonomy":"product_model","embeddable":true,"href":"https:\/\/www.naterial.com\/do\/wp-json\/wp\/v2\/product_model?post=20125"},{"taxonomy":"product_brand","embeddable":true,"href":"https:\/\/www.naterial.com\/do\/wp-json\/wp\/v2\/product_brand?post=20125"},{"taxonomy":"product_cat","embeddable":true,"href":"https:\/\/www.naterial.com\/do\/wp-json\/wp\/v2\/product_cat?post=20125"},{"taxonomy":"product_tag","embeddable":true,"href":"https:\/\/www.naterial.com\/do\/wp-json\/wp\/v2\/product_tag?post=20125"}],"curies":[{"name":"wp","href":"https:\/\/api.w.org\/{rel}","templated":true}]}}