{"id":20126,"date":"2026-02-12T10:35:03","date_gmt":"2026-02-12T09:35:03","guid":{"rendered":"https:\/\/www.naterial.com\/do\/?product=silla-de-jardin-aluminio-y-textileno-lyra-beta-2"},"modified":"2026-03-18T09:29:32","modified_gmt":"2026-03-18T08:29:32","slug":"silla-de-jardin-aluminio-y-textileno-lyra-beta-2","status":"publish","type":"product","link":"https:\/\/www.naterial.com\/do\/producto\/silla-de-jardin-aluminio-y-textileno-lyra-beta-2\/","title":{"rendered":"Silla de jard\u00edn aluminio y textileno Lyra Beta"},"content":{"rendered":"","protected":false},"excerpt":{"rendered":"<p>Silla de jard\u00edn Lyra Beta combina aluminio anticorrosivo, textileno transpirable con dise\u00f1o funcional y elegante. Ideal para terrazas y jardines, ofrece comodidad, estilo y resistencia. Renueva tu espacio exterior con estilo y m\u00e1xima calidad.<\/p>\n","protected":false},"featured_media":21062,"comment_status":"open","ping_status":"closed","template":"","meta":{"_acf_changed":false,"footnotes":""},"collection":[126],"product_model":[46],"product_brand":[],"product_cat":[83],"product_tag":[],"class_list":{"0":"post-20126","1":"product","2":"type-product","3":"status-publish","4":"has-post-thumbnail","6":"collection-lyra","7":"product_model-46","8":"product_cat-sillas","10":"first","11":"instock","12":"taxable","13":"shipping-taxable","14":"purchasable","15":"product-type-simple"},"acf":{"wproduct_subtitle":"Blanco","wproduct_instruction_manual_url":"https:\/\/media.adeo.com\/media\/4340568\/instructionsmanual","uy_product_type":"","image_content_block_1":20582,"title_content_block_1":"Una silla c\u00f3moda y pr\u00e1ctica","text_content_block_1":"La silla Lyra Beta ofrece un gran confort al sentarse. Gracias a sus reposabrazos, disfrutar\u00e1s de un apoyo total. Su asiento y respaldo est\u00e1n fabricados en textileno, siguiendo las l\u00edneas de tu cuerpo para un alto nivel de confort. Robusta, la silla Lyra Beta ha sido dise\u00f1ada para durar en el tiempo. Su estructura, fabricada \u00edntegramente en aluminio, resiste los da\u00f1os que pueden provocar la humedad, el fr\u00edo y el \u00f3xido. Su revestimiento de textileno tambi\u00e9n es muy resistente. Dise\u00f1adas para el uso diario, las sillas Lyra Beta son ligeras, apilables y f\u00e1ciles de mantener.","image_content_block_2":20583,"title_content_block_2":"Entre simplicidad y modernidad","text_content_block_2":"Las l\u00edneas sencillas y ligeras de la silla Lyra Beta aportan un toque de sofisticaci\u00f3n a tu comedor. Su tono blanco realza tu espacio, creando un ambiente fresco y elegante. Su dise\u00f1o vers\u00e1til se combina f\u00e1cilmente con las mesas de las series Lyra y Odyssea, adapt\u00e1ndose a cualquier estilo. Disponible tambi\u00e9n en antracita y moka, ofrece opciones para todos los gustos.","image_content_block_3":20584,"title_content_block_3":"Consejos de mantenimiento","text_content_block_3":"Dise\u00f1ada en aluminio y textilene, esta silla resiste los rigores del tiempo y se seca r\u00e1pidamente, lo que hace que su mantenimiento sea m\u00ednimo. Un pa\u00f1o h\u00famedo y un producto neutro son suficientes para limpiarla. Aseg\u00farate de cubrirla con una funda cuando no se utilice, para protegerla de la suciedad y las inclemencias del tiempo. Reparable, las piezas de repuesto est\u00e1n disponibles para prolongar la vida \u00fatil de tu mobiliario.","image_content_block_4":null,"title_content_block_4":"","text_content_block_4":"","image_content_block_5":null,"title_content_block_5":"","text_content_block_5":""},"_links":{"self":[{"href":"https:\/\/www.naterial.com\/do\/wp-json\/wp\/v2\/product\/20126","targetHints":{"allow":["GET"]}}],"collection":[{"href":"https:\/\/www.naterial.com\/do\/wp-json\/wp\/v2\/product"}],"about":[{"href":"https:\/\/www.naterial.com\/do\/wp-json\/wp\/v2\/types\/product"}],"replies":[{"embeddable":true,"href":"https:\/\/www.naterial.com\/do\/wp-json\/wp\/v2\/comments?post=20126"}],"version-history":[{"count":1,"href":"https:\/\/www.naterial.com\/do\/wp-json\/wp\/v2\/product\/20126\/revisions"}],"predecessor-version":[{"id":20581,"href":"https:\/\/www.naterial.com\/do\/wp-json\/wp\/v2\/product\/20126\/revisions\/20581"}],"wp:featuredmedia":[{"embeddable":true,"href":"https:\/\/www.naterial.com\/do\/wp-json\/wp\/v2\/media\/21062"}],"wp:attachment":[{"href":"https:\/\/www.naterial.com\/do\/wp-json\/wp\/v2\/media?parent=20126"}],"wp:term":[{"taxonomy":"collection","embeddable":true,"href":"https:\/\/www.naterial.com\/do\/wp-json\/wp\/v2\/collection?post=20126"},{"taxonomy":"product_model","embeddable":true,"href":"https:\/\/www.naterial.com\/do\/wp-json\/wp\/v2\/product_model?post=20126"},{"taxonomy":"product_brand","embeddable":true,"href":"https:\/\/www.naterial.com\/do\/wp-json\/wp\/v2\/product_brand?post=20126"},{"taxonomy":"product_cat","embeddable":true,"href":"https:\/\/www.naterial.com\/do\/wp-json\/wp\/v2\/product_cat?post=20126"},{"taxonomy":"product_tag","embeddable":true,"href":"https:\/\/www.naterial.com\/do\/wp-json\/wp\/v2\/product_tag?post=20126"}],"curies":[{"name":"wp","href":"https:\/\/api.w.org\/{rel}","templated":true}]}}