{"id":20131,"date":"2026-02-12T10:35:05","date_gmt":"2026-02-12T09:35:05","guid":{"rendered":"https:\/\/www.naterial.com\/do\/?product=silla-de-jardin-aluminio-y-textileno-lyra-beta-5"},"modified":"2026-03-18T09:29:34","modified_gmt":"2026-03-18T08:29:34","slug":"silla-de-jardin-aluminio-y-textileno-lyra-beta-5","status":"publish","type":"product","link":"https:\/\/www.naterial.com\/do\/producto\/silla-de-jardin-aluminio-y-textileno-lyra-beta-5\/","title":{"rendered":"Silla de jard\u00edn aluminio y textileno Lyra Beta"},"content":{"rendered":"","protected":false},"excerpt":{"rendered":"<p>Silla de jard\u00edn Lyra Beta combina aluminio anticorrosivo, textileno transpirable con dise\u00f1o funcional y elegante. Ideal para terrazas y jardines, ofrece comodidad, estilo y resistencia. Crea ambientes acogedores al aire libre con calidad superior.<\/p>\n","protected":false},"featured_media":21083,"comment_status":"open","ping_status":"closed","template":"","meta":{"_acf_changed":false,"footnotes":""},"collection":[113],"product_model":[46],"product_brand":[],"product_cat":[83],"product_tag":[],"class_list":{"0":"post-20131","1":"product","2":"type-product","3":"status-publish","4":"has-post-thumbnail","6":"collection-odyssea","7":"product_model-46","8":"product_cat-sillas","10":"first","11":"instock","12":"taxable","13":"shipping-taxable","14":"purchasable","15":"product-type-simple"},"acf":{"wproduct_subtitle":"Antracita","wproduct_instruction_manual_url":"https:\/\/media.adeo.com\/media\/4369318\/instructionsmanual","uy_product_type":"","image_content_block_1":20599,"title_content_block_1":"Una silla ligera y funcional","text_content_block_1":"La silla Odyssea Gamma es el aliado ideal para tus momentos de convivencia al aire libre. Esta silla de jard\u00edn combina comodidad y modernidad con su asiento de textileno que se adapta a la forma de tu cuerpo y su estructura de aluminio. Ligera y equipada con reposabrazos, esta silla de aluminio es apilable, f\u00e1cil de mover y almacenar. Su dise\u00f1o asegura resistencia a las variaciones clim\u00e1ticas. No teme a la humedad ni al \u00f3xido.","image_content_block_2":20600,"title_content_block_2":"Un estilo moderno","text_content_block_2":"Creada con un esp\u00edritu contempor\u00e1neo, la silla Odyssea Gamma est\u00e1 dise\u00f1ada para combinar a la perfecci\u00f3n con la mesa Odyssea II. Su color antracita aporta un toque moderno a su estilo trendy y actual. Tambi\u00e9n est\u00e1 disponible en blanco y moca, adapt\u00e1ndose a diferentes estilos de decoraci\u00f3n.","image_content_block_3":20601,"title_content_block_3":"Consejos de mantenimiento","text_content_block_3":"Fabricado en aluminio y textilene, esta silla es resistente a la intemperie y se seca r\u00e1pidamente, lo que reduce al m\u00ednimo su mantenimiento. Para limpiarlas, basta con un pa\u00f1o h\u00famedo y un producto neutro. Aseg\u00farate de cubrir los muebles con una funda cuando no est\u00e9n en uso, para protegerlos de la suciedad y los rigores del tiempo. Las piezas de repuesto est\u00e1n disponibles para prolongar la vida \u00fatil de tus muebles.","image_content_block_4":null,"title_content_block_4":"","text_content_block_4":"","image_content_block_5":null,"title_content_block_5":"","text_content_block_5":""},"_links":{"self":[{"href":"https:\/\/www.naterial.com\/do\/wp-json\/wp\/v2\/product\/20131","targetHints":{"allow":["GET"]}}],"collection":[{"href":"https:\/\/www.naterial.com\/do\/wp-json\/wp\/v2\/product"}],"about":[{"href":"https:\/\/www.naterial.com\/do\/wp-json\/wp\/v2\/types\/product"}],"replies":[{"embeddable":true,"href":"https:\/\/www.naterial.com\/do\/wp-json\/wp\/v2\/comments?post=20131"}],"version-history":[{"count":1,"href":"https:\/\/www.naterial.com\/do\/wp-json\/wp\/v2\/product\/20131\/revisions"}],"predecessor-version":[{"id":20598,"href":"https:\/\/www.naterial.com\/do\/wp-json\/wp\/v2\/product\/20131\/revisions\/20598"}],"wp:featuredmedia":[{"embeddable":true,"href":"https:\/\/www.naterial.com\/do\/wp-json\/wp\/v2\/media\/21083"}],"wp:attachment":[{"href":"https:\/\/www.naterial.com\/do\/wp-json\/wp\/v2\/media?parent=20131"}],"wp:term":[{"taxonomy":"collection","embeddable":true,"href":"https:\/\/www.naterial.com\/do\/wp-json\/wp\/v2\/collection?post=20131"},{"taxonomy":"product_model","embeddable":true,"href":"https:\/\/www.naterial.com\/do\/wp-json\/wp\/v2\/product_model?post=20131"},{"taxonomy":"product_brand","embeddable":true,"href":"https:\/\/www.naterial.com\/do\/wp-json\/wp\/v2\/product_brand?post=20131"},{"taxonomy":"product_cat","embeddable":true,"href":"https:\/\/www.naterial.com\/do\/wp-json\/wp\/v2\/product_cat?post=20131"},{"taxonomy":"product_tag","embeddable":true,"href":"https:\/\/www.naterial.com\/do\/wp-json\/wp\/v2\/product_tag?post=20131"}],"curies":[{"name":"wp","href":"https:\/\/api.w.org\/{rel}","templated":true}]}}