{"id":20134,"date":"2026-02-12T10:35:07","date_gmt":"2026-02-12T09:35:07","guid":{"rendered":"https:\/\/www.naterial.com\/do\/?product=chaise-longue-teca-y-aluminio-duna"},"modified":"2026-03-18T09:29:35","modified_gmt":"2026-03-18T08:29:35","slug":"chaise-longue-teca-y-aluminio-duna","status":"publish","type":"product","link":"https:\/\/www.naterial.com\/do\/producto\/chaise-longue-teca-y-aluminio-duna\/","title":{"rendered":"Chaise longue teca y aluminio Duna"},"content":{"rendered":"","protected":false},"excerpt":{"rendered":"<p>Chaise longue Duna combina aluminio anticorrosivo, madera de teca natural con dise\u00f1o funcional y elegante. Ideal para terrazas y jardines, ofrece comodidad, estilo y resistencia. Haz que tu exterior luzca incre\u00edble con muebles modernos y resistentes.<\/p>\n","protected":false},"featured_media":21095,"comment_status":"open","ping_status":"closed","template":"","meta":{"_acf_changed":false,"footnotes":""},"collection":[175,171],"product_model":[102],"product_brand":[],"product_cat":[133],"product_tag":[],"class_list":{"0":"post-20134","1":"product","2":"type-product","3":"status-publish","4":"has-post-thumbnail","6":"collection-coleccion-2026","7":"collection-duna","8":"product_model-102","9":"product_cat-sofas-de-exterior","11":"first","12":"instock","13":"taxable","14":"shipping-taxable","15":"purchasable","16":"product-type-simple"},"acf":{"wproduct_subtitle":"1 asiento, blanco","wproduct_instruction_manual_url":"https:\/\/media.adeo.com\/media\/4557183\/instructionsmanual","uy_product_type":"","image_content_block_1":20607,"title_content_block_1":"Elegante y comodo","text_content_block_1":"Complemento indispensable de la colecci\u00f3n Duna, la chaise longue combina estilo y bienestar para completar tu espacio exterior. Su estructura de aluminio robusto se combina armoniosamente con el teca FSC, aportando durabilidad y encanto natural a tu terraza. Equipada con cojines generosos y gruesos, garantiza un confort \u00f3ptimo para tus momentos de relajaci\u00f3n. Fabricados en acr\u00edlico, los cojines son desenfundables, resistentes a la decoloraci\u00f3n e impermeables, con un tratamiento anti-manchas que facilita su mantenimiento temporada tras temporada. Modular y pr\u00e1ctica, la chaise longue puede colocarse a la izquierda o a la derecha del sof\u00e1 para adaptarse perfectamente a la configuraci\u00f3n de tu terraza.","image_content_block_2":20540,"title_content_block_2":"Una gama refinada y c\u00e1lida","text_content_block_2":"Con sus l\u00edneas redondeadas y su c\u00e1lido tono miel, la colecci\u00f3n Duna crea una atm\u00f3sfera suave y relajante en tu espacio exterior. La madera de teca, un aut\u00e9ntico valor natural, se combina perfectamente con el aluminio blanco, ofreciendo muebles que son tanto ligeros como robustos. Los cojines blancos completan este conjunto elegante e intemporal. Combina la m\u00e9ridienne Duna con el sof\u00e1 de 2 asientos y la mesa baja de la colecci\u00f3n para crear un sal\u00f3n de jard\u00edn armonioso y acogedor.","image_content_block_3":20608,"title_content_block_3":"Consejos de mantenimiento","text_content_block_3":"Certificados OEKO-TEX\u00ae, los cojines Duna garantizan la ausencia de sustancias nocivas para ti y el medio ambiente. Para preservar tu mobiliario, aplica aceite de teca cada a\u00f1o para nutrir los elementos de madera. Protege el sof\u00e1 con una funda durante per\u00edodos prolongados de inactividad, para mantenerlo a salvo de las inclemencias del tiempo y la suciedad. Un desengrasante puede utilizarse para revitalizar el brillo natural de la teca despu\u00e9s de varias temporadas. La estructura de aluminio se limpia f\u00e1cilmente con un pa\u00f1o h\u00famedo. Finalmente, las piezas de repuesto est\u00e1n disponibles para prolongar la vida \u00fatil de tu mobiliario y disfrutar de \u00e9l de manera duradera.","image_content_block_4":null,"title_content_block_4":"","text_content_block_4":"","image_content_block_5":null,"title_content_block_5":"","text_content_block_5":""},"_links":{"self":[{"href":"https:\/\/www.naterial.com\/do\/wp-json\/wp\/v2\/product\/20134","targetHints":{"allow":["GET"]}}],"collection":[{"href":"https:\/\/www.naterial.com\/do\/wp-json\/wp\/v2\/product"}],"about":[{"href":"https:\/\/www.naterial.com\/do\/wp-json\/wp\/v2\/types\/product"}],"replies":[{"embeddable":true,"href":"https:\/\/www.naterial.com\/do\/wp-json\/wp\/v2\/comments?post=20134"}],"version-history":[{"count":1,"href":"https:\/\/www.naterial.com\/do\/wp-json\/wp\/v2\/product\/20134\/revisions"}],"predecessor-version":[{"id":20606,"href":"https:\/\/www.naterial.com\/do\/wp-json\/wp\/v2\/product\/20134\/revisions\/20606"}],"wp:featuredmedia":[{"embeddable":true,"href":"https:\/\/www.naterial.com\/do\/wp-json\/wp\/v2\/media\/21095"}],"wp:attachment":[{"href":"https:\/\/www.naterial.com\/do\/wp-json\/wp\/v2\/media?parent=20134"}],"wp:term":[{"taxonomy":"collection","embeddable":true,"href":"https:\/\/www.naterial.com\/do\/wp-json\/wp\/v2\/collection?post=20134"},{"taxonomy":"product_model","embeddable":true,"href":"https:\/\/www.naterial.com\/do\/wp-json\/wp\/v2\/product_model?post=20134"},{"taxonomy":"product_brand","embeddable":true,"href":"https:\/\/www.naterial.com\/do\/wp-json\/wp\/v2\/product_brand?post=20134"},{"taxonomy":"product_cat","embeddable":true,"href":"https:\/\/www.naterial.com\/do\/wp-json\/wp\/v2\/product_cat?post=20134"},{"taxonomy":"product_tag","embeddable":true,"href":"https:\/\/www.naterial.com\/do\/wp-json\/wp\/v2\/product_tag?post=20134"}],"curies":[{"name":"wp","href":"https:\/\/api.w.org\/{rel}","templated":true}]}}