{"id":20135,"date":"2026-02-12T10:35:08","date_gmt":"2026-02-12T09:35:08","guid":{"rendered":"https:\/\/www.naterial.com\/do\/?product=sofa-de-exterior-teca-y-aluminio-sirokos-2"},"modified":"2026-03-18T09:29:35","modified_gmt":"2026-03-18T08:29:35","slug":"sofa-de-exterior-teca-y-aluminio-sirokos-2","status":"publish","type":"product","link":"https:\/\/www.naterial.com\/do\/producto\/sofa-de-exterior-teca-y-aluminio-sirokos-2\/","title":{"rendered":"Sof\u00e1 de exterior teca y aluminio Sirokos"},"content":{"rendered":"","protected":false},"excerpt":{"rendered":"<p>Sof\u00e1 de exterior Sirokos combina aluminio anticorrosivo, madera de teca natural con dise\u00f1o funcional y elegante. Ideal para terrazas y jardines, ofrece comodidad, estilo y resistencia. Convierte tu patio en el lugar ideal para relajarte con elegancia.<\/p>\n","protected":false},"featured_media":21092,"comment_status":"open","ping_status":"closed","template":"","meta":{"_acf_changed":false,"footnotes":""},"collection":[170],"product_model":[102],"product_brand":[],"product_cat":[133],"product_tag":[],"class_list":{"0":"post-20135","1":"product","2":"type-product","3":"status-publish","4":"has-post-thumbnail","6":"collection-sirokos","7":"product_model-102","8":"product_cat-sofas-de-exterior","10":"first","11":"instock","12":"taxable","13":"shipping-taxable","14":"purchasable","15":"product-type-simple"},"acf":{"wproduct_subtitle":"3 asientos, antracita, para combinar","wproduct_instruction_manual_url":"https:\/\/media.adeo.com\/media\/4501038\/instructionsmanual","uy_product_type":"","image_content_block_1":20604,"title_content_block_1":"Un sofa de exterior c\u00e1lido y acogedor","text_content_block_1":"Complemento perfecto de la serie Sirokos, el sof\u00e1 de 3 asientos, combinado con el sof\u00e1 de 2 asientos y la mesa baja, permite crear un sal\u00f3n en esquina acogedor para 5 personas. Dise\u00f1ado con una estructura baja para favorecer la relajaci\u00f3n, este conjunto combina la calidez del teca, la robustez del aluminio y la comodidad del tejido acr\u00edlico. Crea un espacio lounge ideal para descansar en tu terraza. Su asiento en teca garantiza una solidez excepcional, mientras que los cojines desenfundables color antracita, gruesos y mullidos, aseguran un confort \u00f3ptimo. La estructura de aluminio evita que la humedad del suelo penetre en la madera, y sus cojines acr\u00edlicos tratados contra rayos UV y repelentes al agua resisten las variaciones clim\u00e1ticas.","image_content_block_2":20552,"title_content_block_2":"Una gama natural con estilo industrial","text_content_block_2":"La calidez del teca, la sobriedad del aluminio y los cojines en antracita se fusionan para aportar un estilo industrial y contempor\u00e1neo a tu terraza. La madera reciclada, proveniente de antiguos chantiers y barcos, se corta y reensambla para formar la estructura del mobiliario, creando un patchwork armonioso con piezas de diferentes tonalidades. Combina este sof\u00e1 con el sof\u00e1 de 2 asientos y la mesa baja Sirokos para crear un espacio de relax completo. Este conjunto se integra perfectamente con las mesas de comedor y los asientos de la serie Sirokos, convirti\u00e9ndose en la opci\u00f3n ideal para tus comidas al aire libre.","image_content_block_3":20605,"title_content_block_3":"Consejos de mantenimiento","text_content_block_3":"F\u00e1cil de mantener, la estructura del sof\u00e1 se limpia con un pa\u00f1o h\u00famedo y un jab\u00f3n neutro, y sus cojines son desfundables y lavables a m\u00e1quina. Fabricado con teca reciclada certificada FSC, respeta el medio ambiente. Para nutrir la madera, se recomienda aplicar aceite de teca o de linaza una vez al a\u00f1o. Para preservar tu mobiliario, es aconsejable cubrirlo durante largos per\u00edodos de inactividad para protegerlo de la suciedad y las inclemencias del tiempo. Tambi\u00e9n puedes aplicar un desengrasante a la madera para restaurar su color original, que naturalmente se vuelve gris con el tiempo. Reparable, las piezas de repuesto est\u00e1n disponibles para prolongar la vida \u00fatil de tu mobiliario.","image_content_block_4":null,"title_content_block_4":"","text_content_block_4":"","image_content_block_5":null,"title_content_block_5":"","text_content_block_5":""},"_links":{"self":[{"href":"https:\/\/www.naterial.com\/do\/wp-json\/wp\/v2\/product\/20135","targetHints":{"allow":["GET"]}}],"collection":[{"href":"https:\/\/www.naterial.com\/do\/wp-json\/wp\/v2\/product"}],"about":[{"href":"https:\/\/www.naterial.com\/do\/wp-json\/wp\/v2\/types\/product"}],"replies":[{"embeddable":true,"href":"https:\/\/www.naterial.com\/do\/wp-json\/wp\/v2\/comments?post=20135"}],"version-history":[{"count":1,"href":"https:\/\/www.naterial.com\/do\/wp-json\/wp\/v2\/product\/20135\/revisions"}],"predecessor-version":[{"id":20193,"href":"https:\/\/www.naterial.com\/do\/wp-json\/wp\/v2\/product\/20135\/revisions\/20193"}],"wp:featuredmedia":[{"embeddable":true,"href":"https:\/\/www.naterial.com\/do\/wp-json\/wp\/v2\/media\/21092"}],"wp:attachment":[{"href":"https:\/\/www.naterial.com\/do\/wp-json\/wp\/v2\/media?parent=20135"}],"wp:term":[{"taxonomy":"collection","embeddable":true,"href":"https:\/\/www.naterial.com\/do\/wp-json\/wp\/v2\/collection?post=20135"},{"taxonomy":"product_model","embeddable":true,"href":"https:\/\/www.naterial.com\/do\/wp-json\/wp\/v2\/product_model?post=20135"},{"taxonomy":"product_brand","embeddable":true,"href":"https:\/\/www.naterial.com\/do\/wp-json\/wp\/v2\/product_brand?post=20135"},{"taxonomy":"product_cat","embeddable":true,"href":"https:\/\/www.naterial.com\/do\/wp-json\/wp\/v2\/product_cat?post=20135"},{"taxonomy":"product_tag","embeddable":true,"href":"https:\/\/www.naterial.com\/do\/wp-json\/wp\/v2\/product_tag?post=20135"}],"curies":[{"name":"wp","href":"https:\/\/api.w.org\/{rel}","templated":true}]}}