{"id":20136,"date":"2026-02-12T10:35:08","date_gmt":"2026-02-12T09:35:08","guid":{"rendered":"https:\/\/www.naterial.com\/do\/?product=muebles-de-exterior-aluminio-y-textileno-lyra"},"modified":"2026-03-18T09:29:39","modified_gmt":"2026-03-18T08:29:39","slug":"muebles-de-exterior-aluminio-y-textileno-lyra","status":"publish","type":"product","link":"https:\/\/www.naterial.com\/do\/producto\/muebles-de-exterior-aluminio-y-textileno-lyra\/","title":{"rendered":"Muebles de exterior aluminio y textileno Lyra"},"content":{"rendered":"","protected":false},"excerpt":{"rendered":"<p>Muebles de exterior Lyra combina aluminio anticorrosivo, textileno transpirable con dise\u00f1o funcional y elegante. Ideal para terrazas y jardines, ofrece comodidad, estilo y resistencia. Renueva tu espacio exterior con estilo y m\u00e1xima calidad.<\/p>\n","protected":false},"featured_media":21099,"comment_status":"open","ping_status":"closed","template":"","meta":{"_acf_changed":false,"footnotes":""},"collection":[126],"product_model":[105],"product_brand":[],"product_cat":[106],"product_tag":[],"class_list":{"0":"post-20136","1":"product","2":"type-product","3":"status-publish","4":"has-post-thumbnail","6":"collection-lyra","7":"product_model-105","8":"product_cat-sets-de-exterior","10":"first","11":"instock","12":"taxable","13":"shipping-taxable","14":"purchasable","15":"product-type-simple"},"acf":{"wproduct_subtitle":"4 asientos, blanco","wproduct_instruction_manual_url":"https:\/\/media.adeo.com\/media\/4244460\/instructionsmanual","uy_product_type":"","image_content_block_1":20609,"title_content_block_1":"Un sofa de exterior pr\u00e1ctico y duradero","text_content_block_1":"Ideal para disfrutar de un d\u00eda soleado, el conjunto de jard\u00edn Lyra te permite recibir c\u00f3modamente hasta 4 personas. Se compone de un sof\u00e1 de 2 asientos, dos sillones individuales y una mesa baja. Los cojines de asiento y respaldo, fabricados en poli\u00e9ster, cuentan con tratamiento anti-UV y repelente al agua, lo que ayuda a reducir la decoloraci\u00f3n y permite limpiar f\u00e1cilmente peque\u00f1as manchas accidentales. Adem\u00e1s, los cojines tienen una funda interna de malla para preservar la calidad del relleno con el paso del tiempo. La mesa baja, con su tablero de vidrio tintado, es no solo est\u00e9tica sino tambi\u00e9n f\u00e1cil de mantener. Completamente en aluminio, la estructura del conjunto y la mesa garantizan gran durabilidad y resistencia a la humedad y al \u00f3xido. Ligero, este material facilita mover tu mobiliario seg\u00fan tus necesidades.","image_content_block_2":20610,"title_content_block_2":"Entre simplicidad y modernidad","text_content_block_2":"Con su tono blanco, los muebles de exterior Lyra a\u00f1adir\u00e1 un toque moderno y minimalista a tu terraza. La estructura geom\u00e9trica de sus patas en forma de \u201cU\u201d refuerza su car\u00e1cter contempor\u00e1neo. Para completar este espacio acogedor, comb\u00ednalo con la mesa de exterior Lyra o la hamaca de la misma serie, creando un conjunto armonioso y elegante.","image_content_block_3":20611,"title_content_block_3":"Consejos de mantenimiento","text_content_block_3":"Para preservar tu mobiliario, te aconsejamos cubrirlo durante largos per\u00edodos de inactividad para protegerlo de la suciedad y las inclemencias del tiempo. Los cojines, completamente desfundables y lavables a m\u00e1quina, deben ser protegidos de la humedad cuando no se usen. El aluminio, por su parte, se limpia f\u00e1cilmente con un pa\u00f1o h\u00famedo y un producto neutro.","image_content_block_4":null,"title_content_block_4":"","text_content_block_4":"","image_content_block_5":null,"title_content_block_5":"","text_content_block_5":""},"_links":{"self":[{"href":"https:\/\/www.naterial.com\/do\/wp-json\/wp\/v2\/product\/20136","targetHints":{"allow":["GET"]}}],"collection":[{"href":"https:\/\/www.naterial.com\/do\/wp-json\/wp\/v2\/product"}],"about":[{"href":"https:\/\/www.naterial.com\/do\/wp-json\/wp\/v2\/types\/product"}],"replies":[{"embeddable":true,"href":"https:\/\/www.naterial.com\/do\/wp-json\/wp\/v2\/comments?post=20136"}],"version-history":[{"count":1,"href":"https:\/\/www.naterial.com\/do\/wp-json\/wp\/v2\/product\/20136\/revisions"}],"predecessor-version":[{"id":20194,"href":"https:\/\/www.naterial.com\/do\/wp-json\/wp\/v2\/product\/20136\/revisions\/20194"}],"wp:featuredmedia":[{"embeddable":true,"href":"https:\/\/www.naterial.com\/do\/wp-json\/wp\/v2\/media\/21099"}],"wp:attachment":[{"href":"https:\/\/www.naterial.com\/do\/wp-json\/wp\/v2\/media?parent=20136"}],"wp:term":[{"taxonomy":"collection","embeddable":true,"href":"https:\/\/www.naterial.com\/do\/wp-json\/wp\/v2\/collection?post=20136"},{"taxonomy":"product_model","embeddable":true,"href":"https:\/\/www.naterial.com\/do\/wp-json\/wp\/v2\/product_model?post=20136"},{"taxonomy":"product_brand","embeddable":true,"href":"https:\/\/www.naterial.com\/do\/wp-json\/wp\/v2\/product_brand?post=20136"},{"taxonomy":"product_cat","embeddable":true,"href":"https:\/\/www.naterial.com\/do\/wp-json\/wp\/v2\/product_cat?post=20136"},{"taxonomy":"product_tag","embeddable":true,"href":"https:\/\/www.naterial.com\/do\/wp-json\/wp\/v2\/product_tag?post=20136"}],"curies":[{"name":"wp","href":"https:\/\/api.w.org\/{rel}","templated":true}]}}