{"id":20140,"date":"2026-02-12T10:35:11","date_gmt":"2026-02-12T09:35:11","guid":{"rendered":"https:\/\/www.naterial.com\/do\/?product=sombrilla-de-terraza-voladiza-rectangular-aluminio-led-odyssea-premium"},"modified":"2026-03-18T09:29:40","modified_gmt":"2026-03-18T08:29:40","slug":"sombrilla-de-terraza-voladiza-rectangular-aluminio-led-odyssea-premium","status":"publish","type":"product","link":"https:\/\/www.naterial.com\/do\/producto\/sombrilla-de-terraza-voladiza-rectangular-aluminio-led-odyssea-premium\/","title":{"rendered":"Sombrilla de terraza voladiza rectangular aluminio LED Odyssea Premium"},"content":{"rendered":"","protected":false},"excerpt":{"rendered":"<p>Sombrilla de terraza rectangular LED Odyssea Premium combina aluminio anticorrosivo, iluminaci\u00f3n LED integrada con brazo voladizo que libera espacio. Ideal para terrazas y jardines, ofrece comodidad, estilo y resistencia. Eleva el dise\u00f1o de tu \u00e1rea exterior con piezas duraderas y sofisticadas.<\/p>\n","protected":false},"featured_media":21004,"comment_status":"open","ping_status":"closed","template":"","meta":{"_acf_changed":false,"footnotes":""},"collection":[113],"product_model":[98],"product_brand":[],"product_cat":[93],"product_tag":[],"class_list":{"0":"post-20140","1":"product","2":"type-product","3":"status-publish","4":"has-post-thumbnail","6":"collection-odyssea","7":"product_model-98","8":"product_cat-sombrillas-de-terraza","10":"first","11":"instock","12":"taxable","13":"shipping-taxable","14":"purchasable","15":"product-type-simple"},"acf":{"wproduct_subtitle":"Gris antracita,  387x287 cm","wproduct_instruction_manual_url":"https:\/\/media.adeo.com\/media\/4501056\/instructionsmanual","uy_product_type":"","image_content_block_1":20537,"title_content_block_1":"Una sombrilla funcional de d\u00eda y de noche.","text_content_block_1":"Con el parasol desplazable LED Odyssea Premium, disfruta de tus comidas en la terraza d\u00eda y noche. Su lona acr\u00edlica rectangular ofrece protecci\u00f3n \u00f3ptima para un gran conjunto de jard\u00edn o una mesa para 6 a 10 personas. Su m\u00e1stil de aluminio y lona impermeable garantizan solidez y resistencia al \u00f3xido y a las inclemencias del tiempo. F\u00e1cil de usar, la sombrilla se abre y cierra simplemente con su manivela, gira 360\u00b0 y se inclina verticalmente para protegerte del sol en cualquier momento del d\u00eda. La base descentrada de la sombrilla facilita su colocaci\u00f3n alrededor de tus muebles. Se coloca en el lado m\u00e1s corto de la lona para no obstruir el paso en medio de tu terraza.","image_content_block_2":20545,"title_content_block_2":"Transforma tus noches con un estilo c\u00e1lido y sofisticado","text_content_block_2":"Al caer la noche, disfruta de un ambiente c\u00e1lido bajo la sombrilla de terraza gracias a su iluminaci\u00f3n LED, que se recarga mediante energ\u00eda solar o USB. La sombrilla Odyssea Premium aporta un toque de dise\u00f1o a tu terraza, con sus LEDs integrados tanto en las ramas de la estructura como en su centro. Combina perfectamente con muebles de exterior de estilo moderno o una zona de comedor en tonos antracita.","image_content_block_3":20625,"title_content_block_3":"Consejos de mantenimiento","text_content_block_3":"La lona de la sombrilla est\u00e1 fabricada en acr\u00edlico, un material impermeable y especialmente resistente a los rayos UV, lo que evita que se decolore con el uso diario. Su estructura de aluminio, que no teme a la oxidaci\u00f3n, se limpia f\u00e1cilmente con un pa\u00f1o h\u00famedo y un producto neutro. Para prolongar su vida \u00fatil, la lona puede reemplazarse y est\u00e1 disponible como repuesto. Adem\u00e1s, se incluye una funda de invierno para protegerla durante largos per\u00edodos de inactividad. Para garantizar una estabilidad \u00f3ptima y resistencia al viento, es necesario lastrar la sombrilla con 8 bases de sombrilla de 25 kg cada una, o un peso total m\u00ednimo de 200 kg.","image_content_block_4":null,"title_content_block_4":"","text_content_block_4":"","image_content_block_5":null,"title_content_block_5":"","text_content_block_5":""},"_links":{"self":[{"href":"https:\/\/www.naterial.com\/do\/wp-json\/wp\/v2\/product\/20140","targetHints":{"allow":["GET"]}}],"collection":[{"href":"https:\/\/www.naterial.com\/do\/wp-json\/wp\/v2\/product"}],"about":[{"href":"https:\/\/www.naterial.com\/do\/wp-json\/wp\/v2\/types\/product"}],"replies":[{"embeddable":true,"href":"https:\/\/www.naterial.com\/do\/wp-json\/wp\/v2\/comments?post=20140"}],"version-history":[{"count":1,"href":"https:\/\/www.naterial.com\/do\/wp-json\/wp\/v2\/product\/20140\/revisions"}],"predecessor-version":[{"id":20624,"href":"https:\/\/www.naterial.com\/do\/wp-json\/wp\/v2\/product\/20140\/revisions\/20624"}],"wp:featuredmedia":[{"embeddable":true,"href":"https:\/\/www.naterial.com\/do\/wp-json\/wp\/v2\/media\/21004"}],"wp:attachment":[{"href":"https:\/\/www.naterial.com\/do\/wp-json\/wp\/v2\/media?parent=20140"}],"wp:term":[{"taxonomy":"collection","embeddable":true,"href":"https:\/\/www.naterial.com\/do\/wp-json\/wp\/v2\/collection?post=20140"},{"taxonomy":"product_model","embeddable":true,"href":"https:\/\/www.naterial.com\/do\/wp-json\/wp\/v2\/product_model?post=20140"},{"taxonomy":"product_brand","embeddable":true,"href":"https:\/\/www.naterial.com\/do\/wp-json\/wp\/v2\/product_brand?post=20140"},{"taxonomy":"product_cat","embeddable":true,"href":"https:\/\/www.naterial.com\/do\/wp-json\/wp\/v2\/product_cat?post=20140"},{"taxonomy":"product_tag","embeddable":true,"href":"https:\/\/www.naterial.com\/do\/wp-json\/wp\/v2\/product_tag?post=20140"}],"curies":[{"name":"wp","href":"https:\/\/api.w.org\/{rel}","templated":true}]}}